{"id":15,"date":"2026-01-26T14:19:01","date_gmt":"2026-01-26T13:19:01","guid":{"rendered":"https:\/\/serwer2125839.home.pl\/autoinstalator\/wordpressplugins\/?page_id=15"},"modified":"2026-01-27T14:55:56","modified_gmt":"2026-01-27T13:55:56","slug":"spedex-spolka-z-o-o","status":"publish","type":"page","link":"https:\/\/spedex.pl\/","title":{"rendered":"Spedex Sp\u00f3\u0142ka z o.o."},"content":{"rendered":"\t\t<div data-elementor-type=\"wp-page\" data-elementor-id=\"15\" class=\"elementor elementor-15\">\n\t\t\t\t<div class=\"elementor-element elementor-element-e119c07 e-flex e-con-boxed e-con e-parent\" data-id=\"e119c07\" data-element_type=\"container\">\n\t\t\t\t\t<div class=\"e-con-inner\">\n\t\t\t\t\t<\/div>\n\t\t\t\t<\/div>\n\t\t<div class=\"elementor-element elementor-element-9749cd2 e-flex e-con-boxed e-con e-parent\" data-id=\"9749cd2\" data-element_type=\"container\">\n\t\t\t\t\t<div class=\"e-con-inner\">\n\t\t\t\t<div class=\"elementor-element elementor-element-4a78696 elementor-widget elementor-widget-image\" data-id=\"4a78696\" data-element_type=\"widget\" data-widget_type=\"image.default\">\n\t\t\t\t\t\t\t\t\t\t\t\t\t\t\t<img fetchpriority=\"high\" decoding=\"async\" width=\"1248\" height=\"569\" src=\"https:\/\/spedex.pl\/wp-content\/uploads\/2026\/01\/Spedex_mna.png\" class=\"attachment-1536x1536 size-1536x1536 wp-image-36\" alt=\"\" srcset=\"https:\/\/spedex.pl\/wp-content\/uploads\/2026\/01\/Spedex_mna.png 1248w, https:\/\/spedex.pl\/wp-content\/uploads\/2026\/01\/Spedex_mna-300x137.png 300w, https:\/\/spedex.pl\/wp-content\/uploads\/2026\/01\/Spedex_mna-1024x467.png 1024w, https:\/\/spedex.pl\/wp-content\/uploads\/2026\/01\/Spedex_mna-768x350.png 768w\" sizes=\"(max-width: 1248px) 100vw, 1248px\" \/>\t\t\t\t\t\t\t\t\t\t\t\t\t\t\t<\/div>\n\t\t\t\t\t<\/div>\n\t\t\t\t<\/div>\n\t\t<div class=\"elementor-element elementor-element-b26cac4 e-flex e-con-boxed e-con e-parent\" data-id=\"b26cac4\" data-element_type=\"container\">\n\t\t\t\t\t<div class=\"e-con-inner\">\n\t\t\t\t<div class=\"elementor-element elementor-element-0402269 elementor-widget elementor-widget-text-editor\" data-id=\"0402269\" data-element_type=\"widget\" data-widget_type=\"text-editor.default\">\n\t\t\t\t\t\t\t\t\t<h2 data-start=\"217\" data-end=\"239\">Witamy na stronie<\/h2><p data-start=\"240\" data-end=\"307\"><strong data-start=\"240\" data-end=\"307\">Przedsi\u0119biorstwa Spedycyjno-Transportowego SPEDEX Sp\u00f3\u0142ka z o.o.<\/strong><\/p><p data-start=\"309\" data-end=\"615\">Przedsi\u0119biorstwo Spedycyjno-Transportowe <strong data-start=\"350\" data-end=\"400\">SPEDEX Sp\u00f3\u0142ka z ograniczon\u0105 odpowiedzialno\u015bci\u0105<\/strong> zosta\u0142o za\u0142o\u017cone w grudniu 1998 roku. Od ponad dw\u00f3ch dekad z powodzeniem dzia\u0142amy na rynku us\u0142ug transportowych i logistycznych, stale rozwijaj\u0105c zakres naszej dzia\u0142alno\u015bci oraz podnosz\u0105c jako\u015b\u0107 \u015bwiadczonych us\u0142ug.<\/p><h3 data-start=\"617\" data-end=\"641\">Transport i spedycja<\/h3><p data-start=\"642\" data-end=\"859\">G\u0142\u00f3wnym profilem naszej dzia\u0142alno\u015bci jest <strong data-start=\"684\" data-end=\"713\">transport drogowy towar\u00f3w<\/strong>. Realizujemy przewozy zar\u00f3wno na terenie ca\u0142ej Polski, jak i w krajach Unii Europejskiej oraz pozosta\u0142ych pa\u0144stwach Europy. Specjalizujemy si\u0119 w:<\/p><ul data-start=\"861\" data-end=\"938\"><li data-start=\"861\" data-end=\"901\"><p data-start=\"863\" data-end=\"901\">przewozach <strong data-start=\"874\" data-end=\"899\">ca\u0142opojazdowych (FTL)<\/strong><\/p><\/li><li data-start=\"902\" data-end=\"938\"><p data-start=\"904\" data-end=\"938\">przewozach <strong data-start=\"915\" data-end=\"936\">cz\u0119\u015bciowych (LTL)<\/strong><\/p><\/li><\/ul><p data-start=\"940\" data-end=\"1271\">Wszystkie zlecenia realizujemy w systemie <strong data-start=\"982\" data-end=\"1000\">\u201ejust in time\u201d<\/strong>, co gwarantuje terminowo\u015b\u0107 i pe\u0142n\u0105 kontrol\u0119 nad procesem dostawy. Trasy przejazd\u00f3w naszych pojazd\u00f3w s\u0105 ka\u017cdorazowo optymalizowane pod k\u0105tem d\u0142ugo\u015bci, koszt\u00f3w oraz czasu realizacji, dzi\u0119ki czemu nasi klienci otrzymuj\u0105 <strong data-start=\"1218\" data-end=\"1270\">konkurencyjne ceny i sprawn\u0105 obs\u0142ug\u0119 logistyczn\u0105<\/strong>.<\/p><h3 data-start=\"1273\" data-end=\"1313\">Magazynowanie i transport drobnicowy<\/h3><p data-start=\"1314\" data-end=\"1505\">Opr\u00f3cz transportu drogowego oferujemy r\u00f3wnie\u017c us\u0142ugi <strong data-start=\"1367\" data-end=\"1413\">magazynowania oraz transportu drobnicowego<\/strong>, zapewniaj\u0105c kompleksow\u0105 obs\u0142ug\u0119 logistyczn\u0105 dopasowan\u0105 do indywidualnych potrzeb klient\u00f3w.<\/p><h3 data-start=\"1507\" data-end=\"1522\">Nasza misja<\/h3><p data-start=\"1523\" data-end=\"1803\">Naszym celem jest dostarczanie <strong data-start=\"1554\" data-end=\"1609\">niezawodnych i elastycznych rozwi\u0105za\u0144 logistycznych<\/strong>, w pe\u0142ni ukierunkowanych na potrzeby klient\u00f3w. Wierzymy, \u017ce <strong data-start=\"1670\" data-end=\"1709\">d\u0142ugofalowa i partnerska wsp\u00f3\u0142praca<\/strong> stanowi fundament stabilnego rozwoju \u2013 zar\u00f3wno firm, kt\u00f3re nam zaufa\u0142y, jak i naszej w\u0142asnej.<\/p><h3 data-start=\"1805\" data-end=\"1838\">Serwis samochod\u00f3w ci\u0119\u017carowych<\/h3><p data-start=\"1839\" data-end=\"1998\">Prowadzimy r\u00f3wnie\u017c <strong data-start=\"1858\" data-end=\"1905\">profesjonalny serwis samochod\u00f3w ci\u0119\u017carowych<\/strong>, oferuj\u0105c naprawy i remonty pojazd\u00f3w wszystkich marek. Specjalizujemy si\u0119 w szczeg\u00f3lno\u015bci w:<\/p><ul data-start=\"2000\" data-end=\"2100\"><li data-start=\"2000\" data-end=\"2027\"><p data-start=\"2002\" data-end=\"2027\">naprawach skrzy\u0144 bieg\u00f3w<\/p><\/li><li data-start=\"2028\" data-end=\"2050\"><p data-start=\"2030\" data-end=\"2050\">naprawach silnik\u00f3w<\/p><\/li><li data-start=\"2051\" data-end=\"2100\"><p data-start=\"2053\" data-end=\"2100\">obs\u0142udze i naprawie uk\u0142ad\u00f3w zasilania paliwem<\/p><\/li><\/ul><p data-start=\"2102\" data-end=\"2221\">Nasze zaplecze techniczne oraz do\u015bwiadczony zesp\u00f3\u0142 mechanik\u00f3w gwarantuj\u0105 rzetelno\u015b\u0107 i wysok\u0105 jako\u015b\u0107 wykonywanych us\u0142ug.<\/p><h3 data-start=\"2223\" data-end=\"2239\">Stacja paliw<\/h3><p data-start=\"2240\" data-end=\"2630\">W ramach naszej dzia\u0142alno\u015bci posiadamy tak\u017ce <strong data-start=\"2285\" data-end=\"2301\">stacj\u0119 paliw<\/strong>, na kt\u00f3rej kierowcy mog\u0105 zaopatrzy\u0107 si\u0119 we wszystko, co niezb\u0119dne podczas d\u0142ugich tras. Naszym dostawc\u0105 paliw jest firma <strong data-start=\"2423\" data-end=\"2432\">Lotos<\/strong>, jeden z najwi\u0119kszych producent\u00f3w paliw w Polsce. Sta\u0142a wsp\u00f3\u0142praca z tak renomowanym partnerem pozwala nam oferowa\u0107 <strong data-start=\"2549\" data-end=\"2578\">paliwo najwy\u017cszej jako\u015bci<\/strong>, zar\u00f3wno dla naszej floty, jak i pojazd\u00f3w klient\u00f3w.<\/p><h3 data-start=\"2632\" data-end=\"2658\">Do\u015bwiadczenie i rozw\u00f3j<\/h3><p data-start=\"2659\" data-end=\"2959\">Systematyczny rozw\u00f3j firmy z roku na rok przek\u0142ada si\u0119 na <strong data-start=\"2717\" data-end=\"2770\">sta\u0142y wzrost udzia\u0142u SPEDEX w rynku transportowym<\/strong>. Dzi\u0119ki wieloletniemu do\u015bwiadczeniu, nowoczesnemu zapleczu technicznemu oraz zaanga\u017cowaniu zespo\u0142u jeste\u015bmy w stanie sprosta\u0107 <strong data-start=\"2897\" data-end=\"2934\">najbardziej wymagaj\u0105cym zleceniom<\/strong> i oczekiwaniom klient\u00f3w.<\/p>\t\t\t\t\t\t\t\t<\/div>\n\t\t\t\t\t<\/div>\n\t\t\t\t<\/div>\n\t\t<div class=\"elementor-element elementor-element-c8fbcc5 e-flex e-con-boxed e-con e-parent\" data-id=\"c8fbcc5\" data-element_type=\"container\">\n\t\t\t\t\t<div class=\"e-con-inner\">\n\t\t\t\t<div class=\"elementor-element elementor-element-fca2fea elementor-widget elementor-widget-text-editor\" data-id=\"fca2fea\" data-element_type=\"widget\" data-widget_type=\"text-editor.default\">\n\t\t\t\t\t\t\t\t\t<p>Kontakt:<\/p><p>PST SPEDEX Sp\u00f3\u0142ka z o.o.<\/p><p>64-905 Stobno k\/Pi\u0142y<\/p><p>tel. +48 67 216 75 76<\/p><p>tel. +48 67 216 76 79<\/p>\t\t\t\t\t\t\t\t<\/div>\n\t\t\t\t\t<\/div>\n\t\t\t\t<\/div>\n\t\t\t\t<\/div>\n\t\t","protected":false},"excerpt":{"rendered":"<p>Witamy na stronie Przedsi\u0119biorstwa Spedycyjno-Transportowego SPEDEX Sp\u00f3\u0142ka z o.o. Przedsi\u0119biorstwo Spedycyjno-Transportowe SPEDEX Sp\u00f3\u0142ka z ograniczon\u0105 odpowiedzialno\u015bci\u0105 zosta\u0142o za\u0142o\u017cone w grudniu 1998 roku. Od ponad dw\u00f3ch dekad z powodzeniem dzia\u0142amy na rynku us\u0142ug transportowych i logistycznych, stale rozwijaj\u0105c zakres naszej dzia\u0142alno\u015bci oraz podnosz\u0105c jako\u015b\u0107 \u015bwiadczonych us\u0142ug. Transport i spedycja G\u0142\u00f3wnym profilem naszej dzia\u0142alno\u015bci jest transport drogowy&#8230;<\/p>\n","protected":false},"author":1,"featured_media":0,"parent":0,"menu_order":0,"comment_status":"closed","ping_status":"closed","template":"elementor_header_footer","meta":{"_kad_post_transparent":"","_kad_post_title":"hide","_kad_post_layout":"fullwidth","_kad_post_sidebar_id":"","_kad_post_content_style":"unboxed","_kad_post_vertical_padding":"hide","_kad_post_feature":"hide","_kad_post_feature_position":"","_kad_post_header":false,"_kad_post_footer":false,"_kad_post_classname":"","footnotes":""},"class_list":["post-15","page","type-page","status-publish","hentry"],"_links":{"self":[{"href":"https:\/\/spedex.pl\/index.php\/wp-json\/wp\/v2\/pages\/15","targetHints":{"allow":["GET"]}}],"collection":[{"href":"https:\/\/spedex.pl\/index.php\/wp-json\/wp\/v2\/pages"}],"about":[{"href":"https:\/\/spedex.pl\/index.php\/wp-json\/wp\/v2\/types\/page"}],"author":[{"embeddable":true,"href":"https:\/\/spedex.pl\/index.php\/wp-json\/wp\/v2\/users\/1"}],"replies":[{"embeddable":true,"href":"https:\/\/spedex.pl\/index.php\/wp-json\/wp\/v2\/comments?post=15"}],"version-history":[{"count":23,"href":"https:\/\/spedex.pl\/index.php\/wp-json\/wp\/v2\/pages\/15\/revisions"}],"predecessor-version":[{"id":124,"href":"https:\/\/spedex.pl\/index.php\/wp-json\/wp\/v2\/pages\/15\/revisions\/124"}],"wp:attachment":[{"href":"https:\/\/spedex.pl\/index.php\/wp-json\/wp\/v2\/media?parent=15"}],"curies":[{"name":"wp","href":"https:\/\/api.w.org\/{rel}","templated":true}]}}